{"id":10,"date":"2022-03-21T11:23:49","date_gmt":"2022-03-21T11:23:49","guid":{"rendered":"https:\/\/monpanneausolaire.be\/?page_id=10"},"modified":"2025-09-23T09:57:12","modified_gmt":"2025-09-23T09:57:12","slug":"juridische-informatie","status":"publish","type":"page","link":"https:\/\/monpanneausolaire.be\/nl\/juridische-informatie\/","title":{"rendered":"Juridische informatie"},"content":{"rendered":"<meta name=\"robots\" content=\"noindex, nofollow\">\n\n\n\n<figure class=\"wp-block-image size-full is-resized\"><img decoding=\"async\" width=\"732\" height=\"94\" src=\"https:\/\/monpanneausolaire.be\/wp-content\/uploads\/2025\/09\/mentions-legales.jpg\" alt=\"\" class=\"wp-image-3197\" style=\"width:350px\" srcset=\"https:\/\/monpanneausolaire.be\/wp-content\/uploads\/2025\/09\/mentions-legales.jpg 732w, https:\/\/monpanneausolaire.be\/wp-content\/uploads\/2025\/09\/mentions-legales-480x62.jpg 480w\" sizes=\"(min-width: 0px) and (max-width: 480px) 480px, (min-width: 481px) 732px, 100vw\" \/><\/figure>\n\n\n\n<p><strong>Gehost door :<\/strong><br>Infomaniak<br>Rue Eug\u00e8ne-Marziano 25<br>1227 Les Acacias - Zwitserland<br>https:\/\/www.infomaniak.com<\/p>\n\n\n\n<h2 class=\"wp-block-heading\"><strong>Gebruiksvoorwaarden<\/strong><\/h2>\n\n\n\n<p>Het gebruik van deze site impliceert de volledige aanvaarding van de algemene gebruiksvoorwaarden die hieronder worden beschreven. Deze gebruiksvoorwaarden kunnen te allen tijde worden gewijzigd of aangevuld.<\/p>\n\n\n\n<h2 class=\"wp-block-heading\"><strong>Informatie<\/strong><\/h2>\n\n\n\n<p>De informatie en documenten op deze site worden uitsluitend ter informatie verstrekt, zijn niet uitputtend en vallen niet onder de aansprakelijkheid van de eigenaar van de site.<\/p>\n\n\n\n<p>De eigenaar van de site kan niet aansprakelijk worden gesteld voor rechtstreekse of onrechtstreekse schade die voortvloeit uit de toegang tot de site.<\/p>\n\n\n\n<h2 class=\"wp-block-heading\"><strong>Interactiviteit<\/strong><\/h2>\n\n\n\n<p>Gebruikers van de site kunnen inhoud posten die op de site verschijnt in speciale gebieden (met name via commentaar). De geplaatste inhoud blijft de verantwoordelijkheid van de auteurs, die de volledige wettelijke aansprakelijkheid op zich nemen.<\/p>\n\n\n\n<p>De eigenaar van de site behoudt zich echter het recht voor om zonder kennisgeving of rechtvaardiging inhoud te verwijderen die door gebruikers is geplaatst en die niet voldoet aan het ethisch handvest van de site of aan de huidige wetgeving.<\/p>\n\n\n\n<h2 class=\"wp-block-heading\"><strong>Intellectueel eigendom<\/strong><\/h2>\n\n\n\n<p>Tenzij anders vermeld, blijven alle elementen die toegankelijk zijn op de site (teksten, afbeeldingen, grafieken, logo's, pictogrammen, geluiden, software, enz.) het exclusieve eigendom van hun auteurs, met betrekking tot intellectuele eigendomsrechten of gebruiksrechten.<a href=\"https:\/\/www.webexpress.fr\/actualite\/focus\/modele-de-mentions-legales-complet-et-gratuit\/#fn-7013-1\" target=\"_blank\" rel=\"noopener noreferrer nofollow\"> <sup>1<\/sup><\/a><\/p>\n\n\n\n<p>Elke reproductie, representatie, wijziging, publicatie, aanpassing van alle of een deel van de elementen van de site, ongeacht het gebruikte middel of proces, is verboden, tenzij met de voorafgaande schriftelijke toestemming van de auteur.<a href=\"https:\/\/www.webexpress.fr\/actualite\/focus\/modele-de-mentions-legales-complet-et-gratuit\/#fn-7013-2\" target=\"_blank\" rel=\"noopener noreferrer nofollow\"><sup>2<\/sup><\/a><a href=\"https:\/\/www.webexpress.fr\/actualite\/focus\/modele-de-mentions-legales-complet-et-gratuit\/#fn-7013-3\" target=\"_blank\" rel=\"noopener noreferrer nofollow\"><sup>3<\/sup><\/a><\/p>\n\n\n\n<p>Elk ongeoorloofd gebruik van de site of een van de elementen op de site wordt beschouwd als een inbreuk en kan strafrechtelijk worden vervolgd.<a href=\"https:\/\/www.webexpress.fr\/actualite\/focus\/modele-de-mentions-legales-complet-et-gratuit\/#fn-7013-9\" target=\"_blank\" rel=\"noopener noreferrer nofollow\"> <sup>4<\/sup><\/a><\/p>\n\n\n\n<p>De merken en logo's die op de site worden weergegeven, zijn geregistreerd door de bedrijven die er eigenaar van zijn.<\/p>\n\n\n\n<h2 class=\"wp-block-heading\"><strong>Links<\/strong><\/h2>\n\n\n\n<p><strong>Uitgaande links<\/strong><\/p>\n\n\n\n<p>De eigenaar van de site wijst alle verantwoordelijkheid af en is niet gebonden door het verwijzen, via hyperlinks, naar bronnen van derden die aanwezig zijn op het internetnetwerk, zowel wat betreft hun inhoud als hun relevantie.<\/p>\n\n\n\n<p><strong>Inkomende links<\/strong><\/p>\n\n\n\n<p>De eigenaar van de site staat hyperlinks toe naar elke pagina op deze site, op voorwaarde dat deze een nieuw venster openen en op ondubbelzinnige wijze worden gepresenteerd om te voorkomen dat :<\/p>\n\n\n\n<ul class=\"wp-block-list\">\n<li>elk risico op verwarring tussen de citerende site en de site-eigenaar<\/li>\n\n\n\n<li>evenals elke presentatie die tendentieus of in strijd met de geldende wetgeving is.<\/li>\n<\/ul>\n\n\n\n<p>De eigenaar van de site behoudt zich het recht voor om de verwijdering van een link te vragen als hij van mening is dat de bronsite niet voldoet aan deze regels.<\/p>\n\n\n\n<h2 class=\"wp-block-heading\"><strong>Vertrouwelijkheid<\/strong><\/h2>\n\n\n\n<p>Alle gebruikers hebben het recht op toegang tot, rectificatie van en verzet tegen alle persoonlijke gegevens die op hen betrekking hebben, door een schriftelijk en ondertekend verzoek in te dienen, vergezeld van een identiteitsbewijs.<\/p>\n\n\n\n<p>De site verzamelt geen persoonlijke informatie en is niet onderhevig aan aangifte bij de CNIL.<\/p>\n\n\n\n<hr class=\"wp-block-separator has-alpha-channel-opacity\"\/>","protected":false},"excerpt":{"rendered":"<p>H\u00e9bergeur :InfomaniakRue Eug\u00e8ne-Marziano 251227 Les Acacias \u2013 Suissehttps:\/\/www.infomaniak.com Conditions d\u2019utilisation L\u2019utilisation du pr\u00e9sent site implique l\u2019acceptation pleine et enti\u00e8re des conditions g\u00e9n\u00e9rales d\u2019utilisation d\u00e9crites ci-apr\u00e8s. Ces conditions d\u2019utilisation sont susceptibles d\u2019\u00eatre modifi\u00e9es ou compl\u00e9t\u00e9es \u00e0 tout moment. Informations Les informations et documents du site sont pr\u00e9sent\u00e9s \u00e0 titre indicatif, n\u2019ont pas de caract\u00e8re exhaustif, et [&hellip;]<\/p>","protected":false},"author":5,"featured_media":0,"parent":0,"menu_order":0,"comment_status":"closed","ping_status":"closed","template":"","meta":{"_acf_changed":false,"_et_pb_use_builder":"","_et_pb_old_content":"","_et_gb_content_width":"1080","ub_ctt_via":"","footnotes":""},"class_list":["post-10","page","type-page","status-publish","hentry"],"featured_image_src":null,"acf":[],"_links":{"self":[{"href":"https:\/\/monpanneausolaire.be\/nl\/wp-json\/wp\/v2\/pages\/10","targetHints":{"allow":["GET"]}}],"collection":[{"href":"https:\/\/monpanneausolaire.be\/nl\/wp-json\/wp\/v2\/pages"}],"about":[{"href":"https:\/\/monpanneausolaire.be\/nl\/wp-json\/wp\/v2\/types\/page"}],"author":[{"embeddable":true,"href":"https:\/\/monpanneausolaire.be\/nl\/wp-json\/wp\/v2\/users\/5"}],"replies":[{"embeddable":true,"href":"https:\/\/monpanneausolaire.be\/nl\/wp-json\/wp\/v2\/comments?post=10"}],"version-history":[{"count":7,"href":"https:\/\/monpanneausolaire.be\/nl\/wp-json\/wp\/v2\/pages\/10\/revisions"}],"predecessor-version":[{"id":3198,"href":"https:\/\/monpanneausolaire.be\/nl\/wp-json\/wp\/v2\/pages\/10\/revisions\/3198"}],"wp:attachment":[{"href":"https:\/\/monpanneausolaire.be\/nl\/wp-json\/wp\/v2\/media?parent=10"}],"curies":[{"name":"wp","href":"https:\/\/api.w.org\/{rel}","templated":true}]}}